{"id":20031,"date":"2021-04-14T12:44:15","date_gmt":"2021-04-14T10:44:15","guid":{"rendered":"https:\/\/www.vilano.com\/erklaerung-zu-cookies\/"},"modified":"2021-04-20T17:55:32","modified_gmt":"2021-04-20T15:55:32","slug":"erklaerung-zu-cookies","status":"publish","type":"page","link":"https:\/\/www.vilano.com\/de\/erklaerung-zu-cookies\/","title":{"rendered":"Erkl\u00e4rung zu Cookies"},"content":{"rendered":"<section class=\"wpb-content-wrapper\"><p>[vc_row][vc_column width=&#8220;1\/4&#8243;][\/vc_column][vc_column width=&#8220;1\/2&#8243;][vc_column_text]<b>Bodegas VILANO<\/b> kann zur Verbesserung der Navigation Cookies verwenden.<span class=\"Apple-converted-space\">\u00a0<\/span><\/p>\n<p><b>Was ist ein Cookie?<span class=\"Apple-converted-space\">\u00a0<\/span><\/b><\/p>\n<p>Cookies sind kleine Dateien, die von einem Webserver an den Browser des Benutzers gesendet werden, um Navigationsdaten des Benutzers zu sammeln. Die Website verwendet eigene Cookies und solche Dritter, und zwar konkret die Cookies von Google zur Speicherung der Pr\u00e4ferenzen des Benutzers und der Informationen, die w\u00e4hrend des Besuchs der Website im Zusammenhang mit Google Maps von Interesse sind: APISID; HSID; NID; SAPISID; SID; SSID.<span class=\"Apple-converted-space\">\u00a0<\/span><\/p>\n<p><b>Auf dieser Seite verwendete Cookies<span class=\"Apple-converted-space\">\u00a0<\/span><\/b><\/p>\n<p>&nbsp;<\/p>\n<table cellspacing=\"0\" cellpadding=\"0\">\n<tbody>\n<tr>\n<td valign=\"top\"><\/td>\n<td valign=\"top\"><\/td>\n<td valign=\"middle\"><b>Eigene Cookies<\/b><\/td>\n<td valign=\"top\"><\/td>\n<\/tr>\n<tr>\n<td valign=\"middle\"><strong>Bezeichnung<\/strong><\/td>\n<td valign=\"middle\"><b><span class=\"Apple-converted-space\">L\u00f6schung nach <\/span><\/b><\/td>\n<td valign=\"middle\"><b>Funktion<span class=\"Apple-converted-space\">\u00a0<\/span><\/b><\/td>\n<td valign=\"middle\"><b>Typ<\/b><\/td>\n<\/tr>\n<tr>\n<td valign=\"middle\">_icl_visitor_lang_js<\/td>\n<td valign=\"middle\">1 Tag<\/td>\n<td valign=\"middle\">Anzeigen der Website in der Sprache des Benutzers<\/td>\n<td valign=\"middle\">Technik<\/td>\n<\/tr>\n<tr>\n<td valign=\"middle\">_gid<\/td>\n<td valign=\"middle\">1 Tag<\/td>\n<td valign=\"middle\">Dient der Unterscheidung der Benutzer.<\/td>\n<td valign=\"middle\">Analytics<\/td>\n<\/tr>\n<tr>\n<td valign=\"middle\">_ga<\/td>\n<td valign=\"middle\">2 Jahre<\/td>\n<td valign=\"middle\">Verwendet eine anonymisierte Identifikation zur Unterscheidung der Benutzer. Dieser Cookie analysiert die Interaktion des Benutzers, um die gebotenen Leistungen und Dienste zu verbessern.<\/td>\n<td valign=\"middle\">Analytics<\/td>\n<\/tr>\n<tr>\n<td valign=\"top\"><\/td>\n<td valign=\"top\"><\/td>\n<td valign=\"middle\"><strong>Cookies Dritter<\/strong><\/td>\n<td valign=\"top\"><\/td>\n<\/tr>\n<tr>\n<td valign=\"top\">OTZ<\/td>\n<td valign=\"top\">11 Tage<\/td>\n<td valign=\"top\">Werbung Erm\u00f6glichen die Optimierung und Personalisierung der Werbung, die beim Browsen angezeigt wird. Dient der Analyse vom Zugriffsverhalten auf das Internet. Wird beim Verlassen des Browsers gel\u00f6scht. Ist mit Googles System f\u00fcr personalisierte Werbung Adwords verkn\u00fcpft.<\/td>\n<td valign=\"top\">Analytics_Google<\/td>\n<\/tr>\n<tr>\n<td valign=\"top\">1P_JAR<\/td>\n<td valign=\"top\">1 Monate<\/td>\n<td valign=\"top\">Google verwendet diesen Cookie, um seine Anzeigen auf Ihre Interessen abzustimmen.<\/td>\n<td valign=\"top\">Analytics_Google<\/td>\n<\/tr>\n<tr>\n<td valign=\"top\">SEARCH_SAMESITE<\/td>\n<td valign=\"top\">4,5 Monate<\/td>\n<td valign=\"top\"><\/td>\n<td valign=\"top\">Analytics_Google<\/td>\n<\/tr>\n<tr>\n<td valign=\"top\">NID<\/td>\n<td valign=\"top\">6 Monate<\/td>\n<td valign=\"top\">Google setzt eine Reihe von Cookies auf jeder Seite, in die eine Karte von Google eingebunden ist. Wir haben allerdings keine Kontrolle \u00fcber die Cookies von Google, die offenbar eine Mischung von Informationsfragmenten sammeln, um die Anzahl und das Verhalten der Benutzer zu ermitteln, die Google Maps benutzen.<\/td>\n<td valign=\"top\">Techniken_Google<\/td>\n<\/tr>\n<tr>\n<td valign=\"top\">ANID<\/td>\n<td valign=\"top\">11 Monate<\/td>\n<td valign=\"top\">Dieser Cookie dient dem Erstellen von Profilen auf der Grundlage der Interessen des Benutzers, um diesem personalisierte Werbung anzuzeigen.<\/td>\n<td valign=\"top\">Analytics_Google<\/td>\n<\/tr>\n<tr>\n<td valign=\"top\">SIDCC<\/td>\n<td valign=\"top\">1 Jahre<\/td>\n<td valign=\"top\">Dieser Cookie wird von Google verwendet, um Leistungen zur Verf\u00fcgung zu stellen und anonyme Navigationsdaten zu erheben.<\/td>\n<td valign=\"top\">Analytics_Google<\/td>\n<\/tr>\n<tr>\n<td valign=\"top\">__Secure-3PSIDCC<\/td>\n<td valign=\"top\">1 Jahre<\/td>\n<td valign=\"top\">Diese Cookies werden verwendet, um Ihnen gem\u00e4\u00df Ihren Interessen die interessantesten Werbeanzeigen anzuzeigen.<\/td>\n<td valign=\"top\">Analytics_Google<\/td>\n<\/tr>\n<tr>\n<td valign=\"top\">HSID<\/td>\n<td valign=\"top\">692 Tage<\/td>\n<td valign=\"top\">Misst die Performance von Werbung und liefert Google-Empfehlungen.<\/td>\n<td valign=\"top\">Analytics_Google<\/td>\n<\/tr>\n<tr>\n<td valign=\"top\">SSID<\/td>\n<td valign=\"top\">692 Tage<\/td>\n<td valign=\"top\">Misst die Performance von Werbung und liefert Google-Empfehlungen.<\/td>\n<td valign=\"top\">Analytics_Google<\/td>\n<\/tr>\n<tr>\n<td valign=\"top\">APISID<\/td>\n<td valign=\"top\">692 Tage<\/td>\n<td valign=\"top\">Misst die Performance von Werbung und liefert Google-Empfehlungen.<\/td>\n<td valign=\"top\">Analytics_Google<\/td>\n<\/tr>\n<tr>\n<td valign=\"top\">SAPISID<\/td>\n<td valign=\"top\">692 Tage<\/td>\n<td valign=\"top\">Misst die Performance von Werbung und liefert Google-Empfehlungen.<\/td>\n<td valign=\"top\">Analytics_Google<\/td>\n<\/tr>\n<tr>\n<td valign=\"top\">__Secure-3PAPISID<\/td>\n<td valign=\"top\">692 Tage<\/td>\n<td valign=\"top\">Diese Cookies werden verwendet, um Ihnen gem\u00e4\u00df Ihren Interessen die interessantesten Werbeanzeigen anzuzeigen.<\/td>\n<td valign=\"top\">Analytics_Google<\/td>\n<\/tr>\n<tr>\n<td valign=\"top\">SID<\/td>\n<td valign=\"top\">2 Jahre<\/td>\n<td valign=\"top\">Misst die Performance von Werbung und liefert Google-Empfehlungen.<\/td>\n<td valign=\"top\">Analytics_Google<\/td>\n<\/tr>\n<tr>\n<td valign=\"top\">__Secure-3PSID<\/td>\n<td valign=\"top\">2 Jahre<\/td>\n<td valign=\"top\">Diese Cookies werden verwendet, um Ihnen gem\u00e4\u00df Ihren Interessen die interessantesten Werbeanzeigen anzuzeigen.<\/td>\n<td valign=\"top\">Analytics_Google<\/td>\n<\/tr>\n<tr>\n<td valign=\"top\">CONSENT<\/td>\n<td valign=\"top\">16 Jahre<\/td>\n<td valign=\"top\">Dieser Cookie dient dem Erstellen von Profilen auf der Grundlage der Interessen des Benutzers, um diesem personalisierte Werbung anzuzeigen.<\/td>\n<td valign=\"top\">Analytics_Google<\/td>\n<\/tr>\n<\/tbody>\n<\/table>\n<p><b>Wie verwenden wir Cookies?<span class=\"Apple-converted-space\">\u00a0<\/span><\/b><\/p>\n<p>Unsere Website verwendet Sitzungs-Cookies, um Ihre Pr\u00e4ferenzen hinsichtlich Sprache und Ansicht (etwa Kontrast, Farbe, Schriftgr\u00f6\u00dfe) zu speichern. Diese Cookies werden von Ihrem Computer gel\u00f6scht, wenn Sie den Browser schlie\u00dfen. <span class=\"Apple-converted-space\">\u00a0<\/span><\/p>\n<p>Wir verwenden zudem residente Cookies, die auf Ihrem Computer gespeichert werden, solange sie nicht von Ihnen gel\u00f6scht werden oder bis ihre Lebensdauer abl\u00e4uft, was meist nach einer k\u00fcrzeren Frist bis maximal einem Jahr erfolgt.<span class=\"Apple-converted-space\">\u00a0<\/span><\/p>\n<p>Residente Cookies enthalten die folgenden Informationen:<span class=\"Apple-converted-space\">\u00a0<\/span><\/p>\n<ul>\n<li>Die Art (ein- oder ausgeklappt), wie eine Reihe von Men\u00fcs und Widgets angezeigt werden<span class=\"Apple-converted-space\">\u00a0<\/span><\/li>\n<li>Den in den Widgets ausgew\u00e4hlten Tab<span class=\"Apple-converted-space\">\u00a0<\/span><\/li>\n<\/ul>\n<p>Zur Ausf\u00fchrung der Grundfunktionen der Website brauchen Sie die Cookies nicht zu akzeptieren, doch erleichtern sie Ihnen die Navigation. Sie k\u00f6nnen die Cookies jedoch jederzeit l\u00f6schen oder sperren, indem Sie die entsprechenden Anweisungen aus vorliegender Richtlinie befolgen.<span class=\"Apple-converted-space\">\u00a0<\/span><\/p>\n<p><b>Personenbezogene Daten<span class=\"Apple-converted-space\">\u00a0<\/span><\/b><\/p>\n<p>Die von den Cookies \u00fcbermittelten Daten werden nicht verwendet, um Sie pers\u00f6nlich zu identifizieren, und die zu Ihrem Browserverhalten gespeicherten Daten werden unter Beachtung h\u00f6chster Sicherheitsanforderungen aufbewahrt. Diese Cookies werden ausschlie\u00dflich zu den angegebenen Zwecken verwendet.<span class=\"Apple-converted-space\">\u00a0<\/span><\/p>\n<p><b>Wie kontrollieren Sie die Cookie-Einstellungen?<span class=\"Apple-converted-space\">\u00a0<\/span><\/b><\/p>\n<p>Sie k\u00f6nnen die Cookies jederzeit kontrollieren oder l\u00f6schen. Wie das geht, h\u00e4ngt von dem von Ihnen verwendeten Browser ab, daher geben wir Ihnen nachfolgend Links zu den entsprechenden Informationen an die Hand.<span class=\"Apple-converted-space\">\u00a0<\/span><\/p>\n<ul>\n<li><b>Google Chrome:<\/b><a href=\"https:\/\/support.google.com\/chrome\/answer\/95647?hl=es\"> https:\/\/support.google.com\/chrome\/answer\/95647?hl=es <\/a><span class=\"Apple-converted-space\">\u00a0<\/span><\/li>\n<li><b>Microsoft Explorer<\/b><a href=\"https:\/\/privacy.microsoft.com\/es-es\/windows-10-microsoft-edge-and-privacy\">: https:\/\/privacy.microsoft.com\/es-es\/windows-10-microsoft-edge-and-privacy <\/a><span class=\"Apple-converted-space\">\u00a0<\/span><\/li>\n<li><b>Mozilla Firefox:<\/b><a href=\"https:\/\/support.mozilla.org\/es\/kb\/habilitar-y-deshabilitar-cookies-sitios-web-rastrear-preferencias\"> https:\/\/support.mozilla.org\/es\/kb\/habilitar-y-deshabilitar-cookies-sitios-webrastrear-preferencias<span class=\"Apple-converted-space\">\u00a0<\/span><\/a><\/li>\n<li>Apple Safari MacOS:<a href=\"https:\/\/support.apple.com\/es-es\/guide\/safari\/sfri11471\/mac\"> https:\/\/support.apple.com\/es-es\/guide\/safari\/sfri11471\/mac<span class=\"Apple-converted-space\">\u00a0<\/span><\/a> <span class=\"Apple-converted-space\">\u00a0<\/span><\/li>\n<li><b>Apple Safari f\u00fcr iOS-Ger\u00e4te:<\/b><a href=\"https:\/\/support.apple.com\/es-es\/HT201265\"> https:\/\/support.apple.com\/es-es\/HT201265<span class=\"Apple-converted-space\">\u00a0<\/span><\/a> <span class=\"Apple-converted-space\">\u00a0<\/span><\/li>\n<li><b>Opera:<\/b><a href=\"http:\/\/help.opera.com\/Windows\/11.50\/es-ES\/cookies.html\"> http:\/\/help.opera.com\/Windows\/11.50\/es-ES\/cookies.html<span class=\"Apple-converted-space\">\u00a0<\/span><\/a> <span class=\"Apple-converted-space\">\u00a0<\/span><\/li>\n<\/ul>\n<p>Um Cookies dieser Website zu akzeptieren oder abzulehnen, brauchen Sie nur den entsprechenden Link anzuklicken: <a href=\"https:\/\/eur-lex.europa.eu\/true\/select-store-cookies.html\">Ich akzeptiere die Cookies <\/a><a href=\"https:\/\/eur-lex.europa.eu\/false\/select-store-cookies.html\">\/ Ich lehne die Cookies ab <\/a>. <span class=\"Apple-converted-space\">\u00a0<\/span><\/p>\n<p>(*) Sie k\u00f6nnen nur diejenigen residenten Cookies ablehnen, die nicht unverzichtbar sind. Manche Cookies sind erforderlich, damit wir bestimmte Eigenschaften der Website anbieten k\u00f6nnen, etwa um Ihre Pr\u00e4ferenzen hinsichtlich der Steuerung von Cookies zu speichern. Andere Cookies hingegen erm\u00f6glichen uns, zuverl\u00e4ssige Informationen zur Benutzung der Website zu sammeln, was uns erm\u00f6glicht, unsere Website effizienter auf die Anforderungen der Benutzer abzustimmen und die erforderlichen \u00c4nderungen vorzunehmen.<span class=\"Apple-converted-space\">\u00a0<\/span><\/p>\n<ol start=\"5\">\n<li><b><i> 5.Hinweis der Stufe 1, erste Zustimmungsebene<\/i><\/b><\/li>\n<\/ol>\n<p><b>Die Hinweise auf der ersten Zustimmungsebene k\u00f6nnen als Rechtsklausel ver\u00f6ffentlicht oder in die Tabelle mit den grundlegenden Informationen aufgenommen werden, was im Ermessen des Unternehmens liegt und von den Bedingungen und Funktionen der Anzeige der Internetplattform anh\u00e4ngt:<\/b><\/p>\n<p><b>BODEGAS VILANO, S.COOP <\/b>gew\u00e4hrleistet in seiner Funktion als Datenverantwortlicher, dass die Behandlung und Verarbeitung Ihrer personenbezogenen Daten gem\u00e4\u00df Datenschutz-Grundverordnung (EU) 2016\/679 und aller sonstigen anwendbaren Regelungen erfolgt. Wir weisen Sie darauf hin, dass Sie zu jeder Zeit von Ihrem Recht Gebrauch machen k\u00f6nnen, auf die Daten zuzugreifen, sie zu berichtigen, zu l\u00f6schen, ihre Verarbeitung einzuschr\u00e4nken, sich ihrer Verarbeitung zu widersetzen und ihre Portabilit\u00e4t zu beantragen, und dazu wenden Sie sich an <b>BODEGAS VILANO, S.COOP<\/b> unter der E-Mail-Adresse <a href=\"mailto:comunicacion@vilano.com\">comunicacion@vilano.com<\/a> oder per Post an Avenida Tinta del Pa\u00eds, 2, 09314, Pedrosa de Duero, Burgos (Spanien).<b> <\/b>N\u00e4here Informationen finden Sie in unserer Datenschutzerkl\u00e4rung.<span class=\"Apple-converted-space\">\u00a0<\/span>[\/vc_column_text][\/vc_column][vc_column width=&#8220;1\/4&#8243;][\/vc_column][\/vc_row]<\/p>\n<\/section><span class=\"et_bloom_bottom_trigger\"><\/span>","protected":false},"excerpt":{"rendered":"<p>[vc_row][vc_column width=&#8220;1\/4&#8243;][\/vc_column][vc_column width=&#8220;1\/2&#8243;][vc_column_text]Bodegas VILANO kann zur Verbesserung der Navigation Cookies verwenden.\u00a0 Was ist ein Cookie?\u00a0 Cookies sind kleine Dateien, die von einem Webserver an den Browser des Benutzers gesendet werden,<\/p>\n","protected":false},"author":5,"featured_media":0,"parent":0,"menu_order":30,"comment_status":"closed","ping_status":"closed","template":"page-custom-with-header.php","meta":{"_acf_changed":false,"_exactmetrics_skip_tracking":false,"_exactmetrics_sitenote_active":false,"_exactmetrics_sitenote_note":"","_exactmetrics_sitenote_category":0,"footnotes":""},"class_list":["post-20031","page","type-page","status-publish","hentry"],"acf":[],"_links":{"self":[{"href":"https:\/\/www.vilano.com\/de\/wp-json\/wp\/v2\/pages\/20031","targetHints":{"allow":["GET"]}}],"collection":[{"href":"https:\/\/www.vilano.com\/de\/wp-json\/wp\/v2\/pages"}],"about":[{"href":"https:\/\/www.vilano.com\/de\/wp-json\/wp\/v2\/types\/page"}],"author":[{"embeddable":true,"href":"https:\/\/www.vilano.com\/de\/wp-json\/wp\/v2\/users\/5"}],"replies":[{"embeddable":true,"href":"https:\/\/www.vilano.com\/de\/wp-json\/wp\/v2\/comments?post=20031"}],"version-history":[{"count":7,"href":"https:\/\/www.vilano.com\/de\/wp-json\/wp\/v2\/pages\/20031\/revisions"}],"predecessor-version":[{"id":20042,"href":"https:\/\/www.vilano.com\/de\/wp-json\/wp\/v2\/pages\/20031\/revisions\/20042"}],"wp:attachment":[{"href":"https:\/\/www.vilano.com\/de\/wp-json\/wp\/v2\/media?parent=20031"}],"curies":[{"name":"wp","href":"https:\/\/api.w.org\/{rel}","templated":true}]}}