{"id":18756,"date":"2018-02-09T12:05:05","date_gmt":"2018-02-09T11:05:05","guid":{"rendered":"https:\/\/www.vilano.com\/footer\/"},"modified":"2021-11-05T07:09:17","modified_gmt":"2021-11-05T06:09:17","slug":"footer","status":"publish","type":"page","link":"https:\/\/www.vilano.com\/de\/footer\/","title":{"rendered":"footer"},"content":{"rendered":"<section class=\"wpb-content-wrapper\"><p>[vc_row][vc_column]<div id=\"dfd-soc-icon-69e0ffd7d8312-5699\" class=\"dfd-new-soc-icon text-center style-1 left_to_right   \" ><div class=\"soc-icon-container clearfix\"><a href=\"https:\/\/www.facebook.com\/BodegasVilano\/\"  target=\"_blank\"  class=\"soc_icon-facebook\"><i class=\"soc_icon-facebook\"><\/i><\/a><a href=\"https:\/\/twitter.com\/bodegasvilano\"  target=\"_blank\"  class=\"soc_icon-twitter-3\"><i class=\"soc_icon-twitter-3\"><\/i><\/a><a href=\"https:\/\/www.youtube.com\/channel\/UCYSpZod1LJvhbp3ZeejZXkQ\"  target=\"_blank\"  class=\"soc_icon-youtube\"><i class=\"soc_icon-youtube\"><\/i><\/a><a href=\"https:\/\/www.instagram.com\/bodegasvilano\/\"  target=\"_blank\"  class=\"soc_icon-instagram\"><i class=\"soc_icon-instagram\"><\/i><\/a><\/div><\/div><script type=\"text\/javascript\">\r\n\t\t\t\t\t\t\t(function($) {\r\n\t\t\t\t\t\t\t\t$(\"head\").append(\"<style><\/style>\");\r\n\t\t\t\t\t\t\t})(jQuery);\r\n\t\t\t\t\t\t<\/script><div class=\"dfd-spacer-module\"  data-units=\"px\" data-wide_resolution=\"1280\" data-wide_size=\"10\" data-normal_resolution=\"1024\" data-normal_size=\"\" data-tablet_resolution=\"800\" data-tablet_size=\"\" data-mobile_resolution=\"480\" data-mobile_size=\"\" style=\"height: 10px;\"><\/div>[\/vc_column][\/vc_row][vc_row][vc_column][vc_column_text]<\/p>\n<p style=\"text-align: center;\"><img decoding=\"async\" class=\"alignnone wp-image-19448 \" src=\"https:\/\/www.vilano.com\/wp-content\/uploads\/2019\/04\/logo-ice--300x108.png\" alt=\"\" width=\"125\" height=\"45\" srcset=\"https:\/\/www.vilano.com\/wp-content\/uploads\/2019\/04\/logo-ice--300x108.png 300w, https:\/\/www.vilano.com\/wp-content\/uploads\/2019\/04\/logo-ice-.png 500w\" sizes=\"(max-width: 125px) 100vw, 125px\" \/>\u00a0<img decoding=\"async\" class=\"alignnone wp-image-18339\" src=\"https:\/\/www.vilano.com\/wp-content\/uploads\/2018\/01\/Wine-in-moderation1-300x72.png\" alt=\"\" width=\"178\" height=\"38\" \/><a href=\"https:\/\/www.vilano.com\/programa-xpande\/\" target=\"_blank\" rel=\"noopener noreferrer\"><img decoding=\"async\" class=\"alignnone wp-image-18341\" title=\"Bodegas Vi\u00f1a Vilano S.C. ha sido beneficiaria del Fondo Europeo de Desarrollo Regional cuyo objetivo es mejorar la competitividad de las Pymes y gracias al cual ha puesto en marcha un Plan de Internacionalizaci\u00f3n con el objetivo de mejorar su posicionamiento competitivo en el exterior durante el a\u00f1o 2017. Para ello ha contado con el apoyo del Programa XPANDE de la C\u00e1mara de Comercio de Burgos.\" src=\"https:\/\/www.vilano.com\/wp-content\/uploads\/2018\/01\/logo-europa-impulsa-300x78.png\" alt=\"\" width=\"168\" height=\"40\" \/><\/a>\u00a0 \u00a0\u00a0 \u00a0<img decoding=\"async\" class=\"alignnone wp-image-18343\" src=\"https:\/\/www.vilano.com\/wp-content\/uploads\/2018\/01\/logoeuropaimpul2-768x180-300x70.jpg\" alt=\"\" width=\"184\" height=\"36\" \/>\u00a0\u00a0<img decoding=\"async\" class=\"alignnone wp-image-18345\" src=\"https:\/\/www.vilano.com\/wp-content\/uploads\/2018\/01\/logo-junta-200x71.jpg\" alt=\"\" width=\"141\" height=\"39\" \/><\/p>\n<p>[\/vc_column_text]<div class=\"dfd-spacer-module\"  data-units=\"px\" data-wide_resolution=\"1280\" data-wide_size=\"10\" data-normal_resolution=\"1024\" data-normal_size=\"\" data-tablet_resolution=\"800\" data-tablet_size=\"\" data-mobile_resolution=\"480\" data-mobile_size=\"\" style=\"height: 10px;\"><\/div>[vc_column_text]<\/p>\n<h6 style=\"text-align: center;\"><a href=\"https:\/\/www.vilano.com\/proyectos-financiados-por-feder-y-el-ice\/\">Proyectos financiados por el Fondo Social Europeo de Desarrollo Regional (FEDER) y por el Instituto de Competitividad Empresarial Castilla y Le\u00f3n (ICE) con el objetivo de conseguir un tejido empresarial m\u00e1s competitivo<\/a><\/h6>\n<p>[\/vc_column_text]<div class=\"dfd-spacer-module\"  data-units=\"px\" data-wide_resolution=\"1280\" data-wide_size=\"10\" data-normal_resolution=\"1024\" data-normal_size=\"\" data-tablet_resolution=\"800\" data-tablet_size=\"\" data-mobile_resolution=\"480\" data-mobile_size=\"\" style=\"height: 10px;\"><\/div>[vc_separator]<div class=\"dfd-spacer-module\"  data-units=\"px\" data-wide_resolution=\"1280\" data-wide_size=\"10\" data-normal_resolution=\"1024\" data-normal_size=\"\" data-tablet_resolution=\"800\" data-tablet_size=\"\" data-mobile_resolution=\"480\" data-mobile_size=\"\" style=\"height: 10px;\"><\/div>[vc_column_text]<\/p>\n<h6 style=\"text-align: center;\"><a href=\"https:\/\/www.vilano.com\/de\/rechtshinweis\/\">Rechtshinweis<\/a> | <a href=\"https:\/\/www.vilano.com\/de\/datenschutzerklaerung\/\">Datenschutzerkl\u00e4rung<\/a> | <a href=\"https:\/\/www.vilano.com\/de\/erklaerung-zu-cookies\/\">Erkl\u00e4rung zu Cookies<\/a><\/h6>\n<p>[\/vc_column_text]<div class=\"dfd-spacer-module\"  data-units=\"px\" data-wide_resolution=\"1280\" data-wide_size=\"10\" data-normal_resolution=\"1024\" data-normal_size=\"\" data-tablet_resolution=\"800\" data-tablet_size=\"\" data-mobile_resolution=\"480\" data-mobile_size=\"\" style=\"height: 10px;\"><\/div>[\/vc_column][\/vc_row]<\/p>\n<\/section><span class=\"et_bloom_bottom_trigger\"><\/span>","protected":false},"excerpt":{"rendered":"<p>[vc_row][vc_column][\/vc_column][\/vc_row][vc_row][vc_column][vc_column_text] \u00a0\u00a0 \u00a0\u00a0 \u00a0\u00a0\u00a0 [\/vc_column_text][vc_column_text] Proyectos financiados por el Fondo Social Europeo de Desarrollo Regional (FEDER) y por el Instituto de Competitividad Empresarial Castilla y Le\u00f3n (ICE) con el objetivo<\/p>\n","protected":false},"author":5,"featured_media":0,"parent":0,"menu_order":34,"comment_status":"closed","ping_status":"closed","template":"","meta":{"_acf_changed":false,"_exactmetrics_skip_tracking":false,"_exactmetrics_sitenote_active":false,"_exactmetrics_sitenote_note":"","_exactmetrics_sitenote_category":0,"footnotes":""},"class_list":["post-18756","page","type-page","status-publish","hentry"],"acf":[],"_links":{"self":[{"href":"https:\/\/www.vilano.com\/de\/wp-json\/wp\/v2\/pages\/18756","targetHints":{"allow":["GET"]}}],"collection":[{"href":"https:\/\/www.vilano.com\/de\/wp-json\/wp\/v2\/pages"}],"about":[{"href":"https:\/\/www.vilano.com\/de\/wp-json\/wp\/v2\/types\/page"}],"author":[{"embeddable":true,"href":"https:\/\/www.vilano.com\/de\/wp-json\/wp\/v2\/users\/5"}],"replies":[{"embeddable":true,"href":"https:\/\/www.vilano.com\/de\/wp-json\/wp\/v2\/comments?post=18756"}],"version-history":[{"count":10,"href":"https:\/\/www.vilano.com\/de\/wp-json\/wp\/v2\/pages\/18756\/revisions"}],"predecessor-version":[{"id":20663,"href":"https:\/\/www.vilano.com\/de\/wp-json\/wp\/v2\/pages\/18756\/revisions\/20663"}],"wp:attachment":[{"href":"https:\/\/www.vilano.com\/de\/wp-json\/wp\/v2\/media?parent=18756"}],"curies":[{"name":"wp","href":"https:\/\/api.w.org\/{rel}","templated":true}]}}