{"id":18716,"date":"2018-02-05T16:23:18","date_gmt":"2018-02-05T15:23:18","guid":{"rendered":"https:\/\/www.vilano.com\/kontakt\/"},"modified":"2021-11-05T07:02:17","modified_gmt":"2021-11-05T06:02:17","slug":"kontakt","status":"publish","type":"page","link":"https:\/\/www.vilano.com\/de\/kontakt\/","title":{"rendered":"Kontakt"},"content":{"rendered":"<section class=\"wpb-content-wrapper\"><p>[vc_row bg_check=&#8220;row-background-dark&#8220; dfd_bg_style=&#8220;image&#8220; dfd_bg_image_new=&#8220;16544&#8243; dfd_bg_image_repeat=&#8220;no-repeat&#8220; dfd_overlay_color=&#8220;#868889&#8243; force_equal_height_columns=&#8220;main_row&#8220; dfd_row_config=&#8220;full_width_content&#8220; css=&#8220;.vc_custom_1632343640600{background-color: #98835d !important;}&#8220;][vc_column width=&#8220;1\/2&#8243; css=&#8220;.vc_custom_1632753290868{padding-right: 5% !important;padding-left: 5% !important;}&#8220; col_shadow=&#8220;box_shadow_enable:disable|shadow_horizontal:0|shadow_vertical:15|shadow_blur:50|shadow_spread:0|box_shadow_color:rgba(0%2C0%2C0%2C0.35)&#8220; col_shadow_hover=&#8220;box_shadow_enable:disable|shadow_horizontal:0|shadow_vertical:15|shadow_blur:50|shadow_spread:0|box_shadow_color:rgba(0%2C0%2C0%2C0.35)&#8220;]<div class=\"ult-spacer spacer-69e88ae3107f7\" data-id=\"69e88ae3107f7\" data-height=\"50\" data-height-mobile=\"30\" data-height-tab=\"40\" data-height-tab-portrait=\"\" data-height-mobile-landscape=\"\" style=\"clear:both;display:block;\"><\/div><div id=\"ultimate-heading69e88ae3108bb\" class=\"uvc-heading dfd-delim-top   heading-config-top dfd-disable-resposive-headings\"  data-hspacer=\"no_spacer\"  data-halign=\"center\" style=\"text-align:center\"><div class=\"uvc-heading-spacer no_spacer\" style=\"\"><\/div><h5 class=\"widget-title uvc-main-heading\" style=\"font-style:normal;font-weight:600;font-size:16px;\">KONTAKT BODEGAS VILANO<\/h5><div class=\"uvc-sub-heading\"><h3 class=\"widget-sub-title\">Ribera del Duero in seiner reinsten Form<\/h3><\/div><\/div><div class=\"ult-spacer spacer-69e88ae31091c\" data-id=\"69e88ae31091c\" data-height=\"35\" data-height-mobile=\"35\" data-height-tab=\"35\" data-height-tab-portrait=\"\" data-height-mobile-landscape=\"\" style=\"clear:both;display:block;\"><\/div>[vc_column_text css_animation=&#8220;fadeIn&#8220;]<\/p>\n<p style=\"text-align: center;\">Unsere Bodega liegt in Pedrosa de Duero, Wiege der Denominaci\u00f3n de Origen Ribera de Duero.<\/p>\n<p style=\"text-align: center;\"><b>Adresse:<\/b> Ctra. de Anguix, n\u00ba 10 E<br \/>\n09314 Pedrosa De Duero \u00b7 Burgos \u00b7 Espa\u00f1a<\/p>\n<p style=\"text-align: center;\"><strong><a style=\"color: #fff;\" href=\"https:\/\/www.google.es\/maps\/dir\/\/Bodegas+Vi\u00f1a+Vilano,+Traves%C3%ADa+Ctra.+de+Pedrosa,+09300+Roa,+Burgos\/@41.5996159,-4.9964968,8z\/data=!4m9!4m8!1m0!1m5!1m1!1s0xd468e0b4994be8b:0xba4325202bb4414f!2m2!1d-3.984278!2d41.711408!3e0\" target=\"_blank\" rel=\"noopener noreferrer\">Anfahrt<\/a><\/strong><\/p>\n<p style=\"text-align: center;\"><strong>Telefon:<\/strong> +34 947 530 029<\/p>\n<p style=\"text-align: center;\"><strong>Fax:<\/strong> +34 947 530 037<\/p>\n<p style=\"text-align: center;\"><strong><a style=\"color: #fff;\" href=\"mailto:comunicacion@vilano.com\">comunicacion@vilano.com<\/a><\/strong><\/p>\n<p>[\/vc_column_text]<div class=\"ult-spacer spacer-69e88ae310968\" data-id=\"69e88ae310968\" data-height=\"50\" data-height-mobile=\"30\" data-height-tab=\"40\" data-height-tab-portrait=\"\" data-height-mobile-landscape=\"\" style=\"clear:both;display:block;\"><\/div><div id=\"dfd-soc-icon-69e88ae310a75-7591\" class=\"dfd-new-soc-icon text-center style-1 left_to_right   cr-animate-gen \" data-animate-type = \"transition.fadeIn\" ><div class=\"soc-icon-container clearfix\"><a href=\"https:\/\/www.facebook.com\/VinaVilano\/\"  target=\"_blank\"  class=\"soc_icon-facebook\"><i class=\"soc_icon-facebook\"><\/i><\/a><a href=\"https:\/\/twitter.com\/vinavilano\"  target=\"_blank\"  class=\"soc_icon-twitter-3\"><i class=\"soc_icon-twitter-3\"><\/i><\/a><a href=\"https:\/\/www.youtube.com\/channel\/UCYSpZod1LJvhbp3ZeejZXkQ\"  target=\"_blank\"  class=\"soc_icon-youtube\"><i class=\"soc_icon-youtube\"><\/i><\/a><\/div><\/div><script type=\"text\/javascript\">\r\n\t\t\t\t\t\t\t(function($) {\r\n\t\t\t\t\t\t\t\t$(\"head\").append(\"<style><\/style>\");\r\n\t\t\t\t\t\t\t})(jQuery);\r\n\t\t\t\t\t\t<\/script>[\/vc_column][vc_column width=&#8220;1\/2&#8243; css=&#8220;.vc_custom_1432882279006{padding-right: 3% !important;padding-left: 3% !important;}&#8220;]<div class=\"\" ><div id=\"map_69e88ae311045\" style=\"height: 600px;\" class=\"map-holder\"><\/div><\/div>\r\n\t\t\t\t<script type=\"text\/javascript\">\r\n\t\t\t\t jQuery(document).ready(function () {\r\n\t\t\t\t\t\t jQuery(\"#map_69e88ae311045\").bind('gmap-reload', function() {\r\n\t\t\t\t\t\t\t\t gmap3_init();\r\n\t\t\t\t\t\t\t });\r\n\r\n\t\t\t\t\t\t gmap3_init();\r\n\r\n\t\t\t\t\t\t function gmap3_init() {\r\n\t\t\t\t\t\t\t jQuery(\"#map_69e88ae311045\").gmap3('destroy');\r\n\r\n\t\t\t\t\t\t\t jQuery(\"#map_69e88ae311045\").gmap3({\r\n\t\t\t\t\t\t\t\t marker: {\r\n\t\t\t\t\t\t\t\t\t values: [{address: \" Bodegas Vilano, Traves\u00eda Carretera de Pedrosa, Roa\" , data:\"Bodegas Vilano, Traves\u00eda Carretera de Pedrosa, Roa\", options:{icon: \"https:\/\/www.vilano.com\/wp-content\/uploads\/2018\/06\/point.png\"}}],\r\n\t\t\t\t\t\t\t\t\t events:{\r\n\t\t\t\t\t\t\t\t\t\t click: function(marker, event, context){\r\n\t\t\t\t\t\t\t\t\t\t\t var map = jQuery(this).gmap3(\"get\"),\r\n\t\t\t\t\t\t\t\t\t\t\t\t infowindow = jQuery(this).gmap3({get:{name:\"infowindow\"}});\r\n\t\t\t\t\t\t\t\t\t\t\t if (infowindow){\r\n\t\t\t\t\t\t\t\t\t\t\t\t infowindow.open(map, marker);\r\n\t\t\t\t\t\t\t\t\t\t\t\t infowindow.setContent('<div class=\"noscroll\">'+context.data+'<\/div>');\r\n\t\t\t\t\t\t\t\t\t\t\t } else {\r\n\t\t\t\t\t\t\t\t\t\t\t\t jQuery(this).gmap3({\r\n\t\t\t\t\t\t\t\t\t\t\t\t\t infowindow:{\r\n\t\t\t\t\t\t\t\t\t\t\t\t\t\t anchor:marker,\r\n\t\t\t\t\t\t\t\t\t\t\t\t\t\t options:{content: '<div class=\"noscroll\">'+context.data+'<\/div>'}\r\n\t\t\t\t\t\t\t\t\t\t\t\t\t }\r\n\t\t\t\t\t\t\t\t\t\t\t\t });\r\n\t\t\t\t\t\t\t\t\t\t\t }\r\n\t\t\t\t\t\t\t\t\t\t }\r\n\t\t\t\t\t\t\t\t\t }\r\n\t\t\t\t\t\t\t\t },\r\n\t\t\t\t\t\t\tmap: {\r\n\t\t\t\t\t\t\t\t options: {\r\n\t\t\t\t\t\t\t\t\tzoom: 10,\r\n\t\t\t\t\t\t\t\t\tnavigationControl: 1,styles:[{'featureType':'landscape','stylers':[{'saturation':-100},{'lightness':65},{'visibility':'on'}]},{'featureType':'poi','stylers':[{'saturation':-100},{'lightness':51},{'visibility':'simplified'}]},{'featureType':'road.highway','stylers':[{'saturation':-100},{'visibility':'simplified'}]},{'featureType':'road.arterial','stylers':[{'saturation':-100},{'lightness':30},{'visibility':'on'}]},{'featureType':'road.local','stylers':[{'saturation':-100},{'lightness':40},{'visibility':'on'}]},{'featureType':'transit','stylers':[{'saturation':-100},{'visibility':'simplified'}]},{'featureType':'administrative.province','stylers':[{'visibility':'off'}]},{'featureType':'water','elementType':'labels','stylers':[{'visibility':'on'},{'lightness':-25},{'saturation':-100}]},{'featureType':'water','elementType':'geometry','stylers':[{'hue':'#ffff00'},{'lightness':-25},{'saturation':-97}]}],scrollwheel: false,\r\n\t\t\t\t\t\t\t\t\tstreetViewControl: false,\r\n\t\t\t\t\t\t\t\t\tmapTypeControl: false\r\n\t\t\t\t\t\t\t\t}\r\n\t\t\t\t\t\t\t }\r\n\t\t\t\t\t\t});\r\n\t\t\t\t\t}\r\n\t\t\t\t\t });\r\n            <\/script>[\/vc_column][\/vc_row][vc_row force_equal_height_columns=&#8220;no&#8220; parallax=&#8220;&#8220; parallax_image=&#8220;&#8220; css=&#8220;.vc_custom_1632343679260{background-position: center !important;background-repeat: no-repeat !important;background-size: cover !important;}&#8220;][vc_column width=&#8220;1\/2&#8243; css=&#8220;.vc_custom_1432882802526{padding-right: 3% !important;padding-left: 3% !important;}&#8220;]<div class=\"ult-spacer spacer-69e88ae31110c\" data-id=\"69e88ae31110c\" data-height=\"80\" data-height-mobile=\"50\" data-height-tab=\"60\" data-height-tab-portrait=\"\" data-height-mobile-landscape=\"\" style=\"clear:both;display:block;\"><\/div><div id=\"ultimate-heading69e88ae3111b1\" class=\"uvc-heading dfd-delim-top   heading-config-top dfd-disable-resposive-headings\"  data-hspacer=\"no_spacer\"  data-halign=\"center\" style=\"text-align:center\"><div class=\"uvc-heading-spacer no_spacer\" style=\"\"><\/div><h5 class=\"widget-title uvc-main-heading\" style=\"font-style:normal;font-weight:600;font-size:16px;\">SEIT 1957<br \/>\nIN PEDROSA DE DUERO<\/h5><div class=\"uvc-sub-heading\"><h3 class=\"widget-sub-title\">Essenz von Ribera<\/h3><\/div><\/div><div class=\"dfd-spacer-module\"  data-units=\"px\" data-wide_resolution=\"1280\" data-wide_size=\"30\" data-normal_resolution=\"1024\" data-normal_size=\"20\" data-tablet_resolution=\"800\" data-tablet_size=\"15\" data-mobile_resolution=\"480\" data-mobile_size=\"\" style=\"height: 30px;\"><\/div>[vc_column_text]<\/p>\n<p style=\"text-align: left;\">Bodegas Vilano liegt im Ort Pedrosa de Duero, in der Provinz Burgos, die international als privilegiertestes Gebiet der D.O. Ribera del Duero gilt, mit altem Weinbergen, die aus dem Jahr 1957 stammen.<\/p>\n<p>[\/vc_column_text][\/vc_column][vc_column width=&#8220;1\/2&#8243; css=&#8220;.vc_custom_1432882815497{padding-right: 3% !important;padding-left: 3% !important;}&#8220;]<div class=\"ult-spacer spacer-69e88ae31129d\" data-id=\"69e88ae31129d\" data-height=\"80\" data-height-mobile=\"50\" data-height-tab=\"60\" data-height-tab-portrait=\"\" data-height-mobile-landscape=\"\" style=\"clear:both;display:block;\"><\/div><div id=\"ultimate-heading69e88ae31130d\" class=\"uvc-heading dfd-delim-top   heading-config-top dfd-disable-resposive-headings\"  data-hspacer=\"no_spacer\"  data-halign=\"center\" style=\"text-align:center\"><div class=\"uvc-heading-spacer no_spacer\" style=\"\"><\/div><h5 class=\"widget-title uvc-main-heading\" style=\"font-style:normal;font-weight:600;font-size:20px;\">KONTAKT<\/h5><div class=\"uvc-sub-heading\"><h3 class=\"widget-sub-title\">Teilen Sie uns Ihre Fragen mit<\/h3><\/div><\/div><div class=\"ult-spacer spacer-69e88ae31135b\" data-id=\"69e88ae31135b\" data-height=\"35\" data-height-mobile=\"35\" data-height-tab=\"35\" data-height-tab-portrait=\"\" data-height-mobile-landscape=\"\" style=\"clear:both;display:block;\"><\/div>[dfd_user_form preset=&#8220;preset3&#8243; fake_check_layout=&#8220;forms_01&#8243; text_area_height=&#8220;10&#8243; vert_margin_btw_inputs=&#8220;10&#8243; horiz_margin_btw_inputs=&#8220;10&#8243; font_size=&#8220;13&#8243; button_border_width=&#8220;1&#8243; button_border_radius=&#8220;2&#8243; btn_message=&#8220;Nachricht Senden&#8220; email_to=&#8220;export@vinavilano.com&#8220; email_subject=&#8220;Env\u00edo formulario Web Vilano&#8220; check_layout=&#8220;forms_01.php&#8220; input_background=&#8220;#ffffff&#8220; border_color=&#8220;#e8e8e8&#8243; text_color=&#8220;#565656&#8243; button_border_color=&#8220;#bababa&#8220; button_border_color_on_hover=&#8220;#98835d&#8220; button_backgrond=&#8220;#98835d&#8220; hover_button_backgrond=&#8220;#bababa&#8220; button_color_text=&#8220;#ffffff&#8220; button_hover_color_text=&#8220;#ffffff&#8220; check_layout_forms_01=&#8220;{&#8222;1&#8222;:{&#8222;text_name&#8222;:{&#8222;required-1&#8222;:&#8222;1&#8222;,&#8222;name&#8222;:&#8222;Name&#8222;,&#8222;akismet_comment_author-1&#8222;:&#8222;1&#8222;}},&#8222;2&#8222;:{&#8222;email&#8222;:{&#8222;name&#8222;:&#8222;Email&#8222;,&#8222;required-1&#8222;:&#8222;1&#8222;,&#8222;akismet_comment_author_email-1&#8222;:&#8222;1&#8222;}},&#8222;3&#8222;:{&#8222;text_name&#8222;:{&#8222;name&#8222;:&#8222;Thema&#8222;}},&#8222;4&#8222;:{&#8222;textarea_name&#8222;:{&#8222;name&#8222;:&#8222;Nachricht&#8222;}}}&#8220; privacy_policy_prefix=&#8220;BODEGAS VILANO, S.COOP gew\u00e4hrleistet in seiner Funktion als Datenverantwortlicher, dass die Verarbeitung Ihrer personenbezogenen Daten gem\u00e4\u00df Datenschutz-Grundverordnung (EU) 2016\/679 und aller sonstigen anwendbaren Regelungen erfolgt. Wir weisen Sie darauf hin, dass Sie zu jeder Zeit von Ihrem Recht Gebrauch machen k\u00f6nnen, auf die Daten zuzugreifen, sie zu berichtigen, zu l\u00f6schen, ihre Verarbeitung einzuschr\u00e4nken, sich ihrer Verarbeitung zu widersetzen und ihre Portabilit\u00e4t zu beantragen. Wenden Sie sich dazu an BODEGAS VILANO, S.COOP unter der E-Mail-Adresse comunicacion@vilano.com oder per Post an Avenida Tinta del Pa\u00eds, 2, 09314, Pedrosa de Duero, Burgos (Spanien). N\u00e4here Informationen finden Sie in unserer Datenschutzerkl\u00e4rung&#8220; privacy_policy_link=&#8220;url:https%3A%2F%2Fwww.vilano.com%2Fde%2Fdatenschutzerklaerung%2F|title:%20Datenschutzerkl%C3%A4rung&#8220; btn_offset=&#8220;20&#8243;]De: {{text_name-1}}<br \/>\nCorreo: {{email-2}}<br \/>\nAsunto: {{text_name-3}}<\/p>\n<p>Mensaje:<br \/>\n{{textarea_name-4}}<\/p>\n<p>&#8212;<br \/>\nEste mail se env\u00edo desde el formulario de la web\u00a0http:\/\/vi\u00f1avilano.com\/<\/p>\n<p>&nbsp;<\/p>\n<p>[\/dfd_user_form]<div class=\"ult-spacer spacer-69e88ae31139e\" data-id=\"69e88ae31139e\" data-height=\"80\" data-height-mobile=\"50\" data-height-tab=\"60\" data-height-tab-portrait=\"\" data-height-mobile-landscape=\"\" style=\"clear:both;display:block;\"><\/div>[\/vc_column][\/vc_row]<\/p>\n<\/section><span class=\"et_bloom_bottom_trigger\"><\/span>","protected":false},"excerpt":{"rendered":"<p>[vc_row bg_check=&#8220;row-background-dark&#8220; dfd_bg_style=&#8220;image&#8220; dfd_bg_image_new=&#8220;16544&#8243; dfd_bg_image_repeat=&#8220;no-repeat&#8220; dfd_overlay_color=&#8220;#868889&#8243; force_equal_height_columns=&#8220;main_row&#8220; dfd_row_config=&#8220;full_width_content&#8220; css=&#8220;.vc_custom_1632343640600{background-color: #98835d !important;}&#8220;][vc_column width=&#8220;1\/2&#8243; css=&#8220;.vc_custom_1632753290868{padding-right: 5% !important;padding-left: 5% !important;}&#8220; col_shadow=&#8220;box_shadow_enable:disable|shadow_horizontal:0|shadow_vertical:15|shadow_blur:50|shadow_spread:0|box_shadow_color:rgba(0%2C0%2C0%2C0.35)&#8220; col_shadow_hover=&#8220;box_shadow_enable:disable|shadow_horizontal:0|shadow_vertical:15|shadow_blur:50|shadow_spread:0|box_shadow_color:rgba(0%2C0%2C0%2C0.35)&#8220;][vc_column_text css_animation=&#8220;fadeIn&#8220;] Unsere Bodega liegt in Pedrosa de Duero, Wiege der Denominaci\u00f3n<\/p>\n","protected":false},"author":5,"featured_media":0,"parent":0,"menu_order":27,"comment_status":"closed","ping_status":"closed","template":"page-custom.php","meta":{"_acf_changed":false,"_exactmetrics_skip_tracking":false,"_exactmetrics_sitenote_active":false,"_exactmetrics_sitenote_note":"","_exactmetrics_sitenote_category":0,"footnotes":""},"class_list":["post-18716","page","type-page","status-publish","hentry"],"acf":[],"_links":{"self":[{"href":"https:\/\/www.vilano.com\/de\/wp-json\/wp\/v2\/pages\/18716","targetHints":{"allow":["GET"]}}],"collection":[{"href":"https:\/\/www.vilano.com\/de\/wp-json\/wp\/v2\/pages"}],"about":[{"href":"https:\/\/www.vilano.com\/de\/wp-json\/wp\/v2\/types\/page"}],"author":[{"embeddable":true,"href":"https:\/\/www.vilano.com\/de\/wp-json\/wp\/v2\/users\/5"}],"replies":[{"embeddable":true,"href":"https:\/\/www.vilano.com\/de\/wp-json\/wp\/v2\/comments?post=18716"}],"version-history":[{"count":11,"href":"https:\/\/www.vilano.com\/de\/wp-json\/wp\/v2\/pages\/18716\/revisions"}],"predecessor-version":[{"id":20661,"href":"https:\/\/www.vilano.com\/de\/wp-json\/wp\/v2\/pages\/18716\/revisions\/20661"}],"wp:attachment":[{"href":"https:\/\/www.vilano.com\/de\/wp-json\/wp\/v2\/media?parent=18716"}],"curies":[{"name":"wp","href":"https:\/\/api.w.org\/{rel}","templated":true}]}}