{"id":18659,"date":"2018-02-05T15:01:36","date_gmt":"2018-02-05T14:01:36","guid":{"rendered":"https:\/\/www.vilano.com\/vina-vilano\/"},"modified":"2024-02-17T22:04:12","modified_gmt":"2024-02-17T21:04:12","slug":"vina-vilano","status":"publish","type":"page","link":"https:\/\/www.vilano.com\/de\/vina-vilano\/","title":{"rendered":"Vilano"},"content":{"rendered":"<section class=\"wpb-content-wrapper\"><p>[vc_row full_height=&#8220;yes&#8220; force_equal_height_columns=&#8220;main_row&#8220; dfd_row_config=&#8220;full_width_content&#8220; css=&#8220;.vc_custom_1636141269650{margin-bottom: 20px !important;}&#8220; mobile_destroy_equal_heights=&#8220;yes&#8220;][vc_column width=&#8220;3\/4&#8243; css=&#8220;.vc_custom_1632521486712{border-right-width: 20px !important;border-bottom-width: 20px !important;background-color: #f5f3ef !important;border-right-color: #ffffff !important;border-right-style: solid !important;border-bottom-color: #ffffff !important;border-bottom-style: solid !important;}&#8220; el_class=&#8220;dfd-mobile-remove-all-borders&#8220; col_shadow=&#8220;box_shadow_enable:disable|shadow_horizontal:0|shadow_vertical:15|shadow_blur:50|shadow_spread:0|box_shadow_color:rgba(0%2C0%2C0%2C0.35)&#8220; col_shadow_hover=&#8220;box_shadow_enable:disable|shadow_horizontal:0|shadow_vertical:15|shadow_blur:50|shadow_spread:0|box_shadow_color:rgba(0%2C0%2C0%2C0.35)&#8220;][vc_row_inner css=&#8220;.vc_custom_1632521778636{padding-right: 13% !important;padding-left: 13% !important;background-color: #f5f3ef !important;}&#8220;][vc_column_inner]<div class=\"ult-spacer spacer-69e88af140f70\" data-id=\"69e88af140f70\" data-height=\"50\" data-height-mobile=\"30\" data-height-tab=\"40\" data-height-tab-portrait=\"\" data-height-mobile-landscape=\"\" style=\"clear:both;display:block;\"><\/div><div id=\"ultimate-heading69e88af14105d\" class=\"uvc-heading dfd-delim-bottom header-dorado  cr-animate-gen heading-config-top dfd-disable-resposive-headings\" data-animate-type = \"transition.slideRightBigIn\"  data-hspacer=\"line_only\"  data-halign=\"center\" style=\"text-align:center\"><h5 class=\"widget-title\">BODEGA UND WEINBERGE<\/h5><div class=\"uvc-sub-heading\"><h3 class=\"widget-sub-title\">Mehr als 300 Hektar Weinberge und eine j\u00e4hrliche Produktion von 2 Millionen Kilo Trauben.<\/h3><\/div><div class=\"uvc-heading-spacer line_only\" style=\"margin-top:30px;height:1px;\"><span class=\"uvc-headings-line\" style=\"border-style:dotted;border-bottom-width:1px;border-color:#d2d2d2;width:100px;\"><\/span><\/div><\/div><div class=\"ult-spacer spacer-69e88af1410e1\" data-id=\"69e88af1410e1\" data-height=\"20\" data-height-mobile=\"30\" data-height-tab=\"10\" data-height-tab-portrait=\"\" data-height-mobile-landscape=\"\" style=\"clear:both;display:block;\"><\/div>[vc_column_text item_animation=&#8220;transition.slideRightBigIn&#8220;]<\/p>\n<p style=\"text-align: center;\"><span style=\"color: #98835d;\">In Pedrosa de Duero, (Burgos), gelegen, einem der hervorragenden Gebiete in dem man sich traditionell Weinbergen von h\u00f6chster Qualit\u00e4t gewidmet hat. Bodegas Vi\u00f1a Vilano S. Coop. besitzt mehr als 300 Hektar Weinberge der Rebsorte \u201eTinta Fina\u201d oder \u201eTinta del Pa\u00eds\u201d, (Tempranillo) und eine ertragreiche Jahresproduktion von 2 Millionen Kilo Trauben von hoher Qualit\u00e4t.<\/span><\/p>\n<p style=\"text-align: center;\"><span style=\"color: #98835d;\">Die Kombination aus jahrhundertealten Weinst\u00f6cken, den fundierten Weinbaukenntnissen, der technologischen Ausr\u00fcstung und einem Team von hochgradig qualifizierten Mitarbeitern ist der Schl\u00fcssel zum Erfolg der Weine von Vilano. Ros\u00e9, junger Rotwein, Rotwein aus dem Eichenfass, Crianza, Reserva und Autorenwein bilden das Portfolio der Weine dieser Bodega. Der Barriqueausbau findet in franz\u00f6sischen und amerikanischen Eichenf\u00e4ssern statt.<\/span><\/p>\n<p>[\/vc_column_text][vc_column_text item_animation=&#8220;transition.slideRightBigIn&#8220;]<\/p>\n<p style=\"text-align: center; color: #98835d;\">El origen de bodegas Vilano es tambi\u00e9n el de Ribera del Duero. Nacida treinta a\u00f1os antes de la creaci\u00f3n de la denominaci\u00f3n en 1982, la bodega, aplicando las t\u00e9cnicas de viticultura tradicionales, recogiendo vi\u00f1edos familiares de principios del s. XX, elabor\u00f3 su primer Vi\u00f1a Vilano, con la intenci\u00f3n de dejar huella.<\/p>\n<p>[\/vc_column_text]<div class=\"ult-spacer spacer-69e88af141148\" data-id=\"69e88af141148\" data-height=\"60\" data-height-mobile=\"20\" data-height-tab=\"60\" data-height-tab-portrait=\"\" data-height-mobile-landscape=\"\" style=\"clear:both;display:block;\"><\/div><div class=\" ubtn-ctn-center \"><a class=\"ubtn-link ult-adjust-bottom-margin ubtn-center ubtn-custom \" href=\"https:\/\/www.vilano.com\/de\/vina-vilano-weine\/\" ><button type=\"button\" id=\"ubtn-7838\"  class=\"ubtn ult-adjust-bottom-margin ult-responsive ubtn-custom ubtn-bottom-bg  none  ubtn-center   tooltip-69e88af1411c8\"  data-hover=\"\" data-border-color=\"\" data-bg=\"#98835d\" data-hover-bg=\"#948f79\" data-border-hover=\"\" data-shadow-hover=\"\" data-shadow-click=\"none\" data-shadow=\"\" data-shd-shadow=\"\"  data-ultimate-target='#ubtn-7838'  data-responsive-json-new='{\"font-size\":\"\",\"line-height\":\"\"}'  style=\"font-weight:normal;width:px;min-height:px;padding:17px 45px;border:none;background: #98835d;color: #ffffff;\"><span class=\"ubtn-hover\" style=\"background-color:#948f79\"><\/span><span class=\"ubtn-data ubtn-text \" >WEINE ANSEHEN<\/span><\/button><\/a><\/div><div class=\"ult-spacer spacer-69e88af14130f\" data-id=\"69e88af14130f\" data-height=\"20\" data-height-mobile=\"20\" data-height-tab=\"20\" data-height-tab-portrait=\"\" data-height-mobile-landscape=\"\" style=\"clear:both;display:block;\"><\/div>[\/vc_column_inner][\/vc_row_inner][\/vc_column][vc_column width=&#8220;1\/4&#8243;][vc_row_inner css=&#8220;.vc_custom_1632342675615{background-position: center !important;background-repeat: no-repeat !important;background-size: cover !important;}&#8220;][vc_column_inner][vc_raw_html]JTVCdmlkZW8lMjBzcmMlM0QlMjJodHRwcyUzQSUyRiUyRnd3dy52aWxhbm8uY29tJTJGd3AtY29udGVudCUyRnVwbG9hZHMlMkYyMDIxJTJGMDklMkZ2aW5lZGEubXA0JTIyJTIwd2lkdGglM0QzMDQlNUQ=[\/vc_raw_html][\/vc_column_inner][\/vc_row_inner][\/vc_column][\/vc_row][vc_row force_equal_height_columns=&#8220;main_row&#8220; dfd_row_config=&#8220;full_width_content&#8220;][vc_column width=&#8220;1\/4&#8243; css=&#8220;.vc_custom_1434197830237{border-right-width: 20px !important;border-bottom-width: 20px !important;border-right-color: #ffffff !important;border-right-style: solid !important;border-bottom-color: #ffffff !important;border-bottom-style: solid !important;}&#8220; el_class=&#8220;dfd-mobile-remove-all-borders&#8220;][vc_row_inner css=&#8220;.vc_custom_1516871287239{background-image: url(https:\/\/www.vilano.com\/wp-content\/uploads\/2017\/12\/historia.jpg?id=17481) !important;background-position: center !important;background-repeat: no-repeat !important;background-size: cover !important;}&#8220;][vc_column_inner css=&#8220;.vc_custom_1632522994180{border-left-width: 50% !important;padding-right: 50% !important;}&#8220; col_inner_shadow=&#8220;box_shadow_enable:disable|shadow_horizontal:0|shadow_vertical:15|shadow_blur:50|shadow_spread:0|box_shadow_color:rgba(0%2C0%2C0%2C0.35)&#8220; col_inner_shadow_hover=&#8220;box_shadow_enable:disable|shadow_horizontal:0|shadow_vertical:15|shadow_blur:50|shadow_spread:0|box_shadow_color:rgba(0%2C0%2C0%2C0.35)&#8220;][\/vc_column_inner][\/vc_row_inner][\/vc_column][vc_column width=&#8220;3\/4&#8243;][vc_row_inner css=&#8220;.vc_custom_1632523074908{padding-right: 13% !important;padding-left: 13% !important;background-color: #f5f3ef !important;}&#8220;][vc_column_inner]<div class=\"ult-spacer spacer-69e88af141376\" data-id=\"69e88af141376\" data-height=\"50\" data-height-mobile=\"30\" data-height-tab=\"40\" data-height-tab-portrait=\"\" data-height-mobile-landscape=\"\" style=\"clear:both;display:block;\"><\/div><div id=\"ultimate-heading69e88af141407\" class=\"uvc-heading dfd-delim-bottom   cr-animate-gen heading-config-top dfd-disable-resposive-headings\" data-animate-type = \"transition.slideRightBigIn\"  data-hspacer=\"line_only\"  data-halign=\"center\" style=\"text-align:center\"><h5 class=\"widget-title\">GESCHICHTE<\/h5><div class=\"uvc-sub-heading\"><h3 class=\"widget-sub-title\">Leidenschaft f\u00fcr Wein seit 1957<\/h3><\/div><div class=\"uvc-heading-spacer line_only\" style=\"margin-top:30px;height:1px;\"><span class=\"uvc-headings-line\" style=\"border-style:dotted;border-bottom-width:1px;border-color:#d2d2d2;width:100px;\"><\/span><\/div><\/div><div class=\"ult-spacer spacer-69e88af141470\" data-id=\"69e88af141470\" data-height=\"20\" data-height-mobile=\"30\" data-height-tab=\"10\" data-height-tab-portrait=\"\" data-height-mobile-landscape=\"\" style=\"clear:both;display:block;\"><\/div>[vc_column_text item_animation=&#8220;transition.slideRightBigIn&#8220;]<\/p>\n<p style=\"text-align: center; color: #98835d;\">Die Genossenschaft wird 1957 von den Gro\u00dfeltern und Eltern der aktuellen Teilhaber gegr\u00fcndet, die jahrhundertalte Weinberge einbringen um sich einen Traum zu erf\u00fcllen. Die anf\u00e4ngliche Kapazit\u00e4t der Bodega lag bei 300.000 Kilo Trauben, fasst aber heute 2,6 Millionen. Von ihren Anf\u00e4ngen an befand sich die Bodega in einem kontinuierlichen Prozess der st\u00e4ndigen Verbesserung. Auch heute ist sie ein Projekt in Expansion, das langfristig denkt, aber seine Basis ist die Anstrengung, die Arbeit und vor allem das Wissen und die Leidenschaft f\u00fcr die Traube, den Wein und die Ribera del Duero.<\/p>\n<p>[\/vc_column_text]<div class=\"ult-spacer spacer-69e88af1414ce\" data-id=\"69e88af1414ce\" data-height=\"20\" data-height-mobile=\"20\" data-height-tab=\"20\" data-height-tab-portrait=\"\" data-height-mobile-landscape=\"\" style=\"clear:both;display:block;\"><\/div>[\/vc_column_inner][\/vc_row_inner][\/vc_column][\/vc_row][vc_row force_equal_height_columns=&#8220;main_row&#8220; mobile_destroy_equal_heights_resolution=&#8220;400&#8243; dfd_row_config=&#8220;full_width_content&#8220; css=&#8220;.vc_custom_1636141191968{margin-top: 35px !important;margin-bottom: 35px !important;}&#8220; mobile_destroy_equal_heights=&#8220;yes&#8220;][vc_column width=&#8220;2\/3&#8243; css=&#8220;.vc_custom_1632525844558{border-right-width: 20px !important;background-color: #f5f3ef !important;border-right-color: #ffffff !important;border-right-style: solid !important;}&#8220; el_class=&#8220;dfd-mobile-remove-all-borders&#8220; col_shadow=&#8220;box_shadow_enable:disable|shadow_horizontal:0|shadow_vertical:15|shadow_blur:50|shadow_spread:0|box_shadow_color:rgba(0%2C0%2C0%2C0.35)&#8220; col_shadow_hover=&#8220;box_shadow_enable:disable|shadow_horizontal:0|shadow_vertical:15|shadow_blur:50|shadow_spread:0|box_shadow_color:rgba(0%2C0%2C0%2C0.35)&#8220;][vc_row_inner css=&#8220;.vc_custom_1632524471044{padding-right: 13% !important;padding-left: 13% !important;background-color: #f5f3ef !important;}&#8220;][vc_column_inner]<div class=\"ult-spacer spacer-69e88af141523\" data-id=\"69e88af141523\" data-height=\"50\" data-height-mobile=\"30\" data-height-tab=\"40\" data-height-tab-portrait=\"\" data-height-mobile-landscape=\"\" style=\"clear:both;display:block;\"><\/div><div id=\"ultimate-heading69e88af14159f\" class=\"uvc-heading dfd-delim-bottom   cr-animate-gen heading-config-top dfd-disable-resposive-headings\" data-animate-type = \"transition.slideRightBigIn\"  data-hspacer=\"line_only\"  data-halign=\"center\" style=\"text-align:center\"><h5 class=\"widget-title\">HERSTELLUNG UNSERER WEINE<\/h5><div class=\"uvc-sub-heading\"><h3 class=\"widget-sub-title\">Der Weinstock und der Himmel bestimmen den Beginn der Weinlese bei Vilano.<\/h3><\/div><div class=\"uvc-heading-spacer line_only\" style=\"margin-top:30px;height:1px;\"><span class=\"uvc-headings-line\" style=\"border-style:dotted;border-bottom-width:1px;border-color:#d2d2d2;width:100px;\"><\/span><\/div><\/div><div class=\"ult-spacer spacer-69e88af141601\" data-id=\"69e88af141601\" data-height=\"20\" data-height-mobile=\"30\" data-height-tab=\"10\" data-height-tab-portrait=\"\" data-height-mobile-landscape=\"\" style=\"clear:both;display:block;\"><\/div>[vc_column_text item_animation=&#8220;transition.slideRightBigIn&#8220;]<\/p>\n<p style=\"text-align: center;\"><span style=\"color: #98835d;\">Wenn die Trauben reif sind um geerntet zu werden und das Wetter es erlaubt h\u00f6rt man in Pedrosa de Duero: \u201eDie Bodega ist ge\u00f6ffnet\u201c. Und es beginnt der \u201egesegnete Wahnsinn\u201c. Die Auswahl der Trauben findet direkt auf dem Feld statt. Aus Erfahrung. Wir sprechen hier \u00fcber Winzer in der dritten oder vierten Generation und die Trauben werden immer noch von Hand gelesen wie fr\u00fcher.<\/span><\/p>\n<p style=\"text-align: center;\"><span style=\"color: #98835d;\">In der Bodega wird die Frucht vom Stiel getrennt, um zu verhindern, dass er zu einem krautigen Geschmack beitr\u00e4gt. Im Edelstahltank beginnt der nat\u00fcrliche Prozess der alkoholischen G\u00e4rung, der etwa zwei Wochen dauert und w\u00e4hrend dessen die Temperatur kontrolliert wird und versucht wird, dass der Most kontinuierlich in Kontakt mit der Schale oder Haut der Traube ist, um die Farbe, Struktur und das aromatische Potenzial der Frucht beim Rotwein zu extrahieren. Nach dem Abschluss der alkoholischen G\u00e4rung werden die Schalen entfernt und der Wein in andere Edelstahltanks gef\u00fcllt, wo die malolaktische G\u00e4rung \u00fcber den Winter stattfindet.<\/span><\/p>\n<p style=\"text-align: center;\"><span style=\"color: #98835d;\">Nach einer Verkostung aus dem Edelstahltank und der Bewertung seiner Reifequalit\u00e4ten, wird bestimmt, ob die Weine Crianzas, Reservas oder Grandes Reservas werden. Dies ist der Moment, in dem die Barriques aus amerikanischer oder franz\u00f6sischer Eiche ausgew\u00e4hlt werden und auch einige aus Eiche, die aus Zentral- und Osteuropa stammt, um die ad\u00e4quateste Reifung f\u00fcr jeden Weinstil zu gew\u00e4hrleisten. All das passiert an einem ruhigen Ort, ohne Licht oder Ger\u00e4usche und bei einer konstanten Temperatur.<\/span><\/p>\n<p>[\/vc_column_text]<div class=\"ult-spacer spacer-69e88af141652\" data-id=\"69e88af141652\" data-height=\"20\" data-height-mobile=\"20\" data-height-tab=\"20\" data-height-tab-portrait=\"\" data-height-mobile-landscape=\"\" style=\"clear:both;display:block;\"><\/div><div class=\" ubtn-ctn-center \"><a class=\"ubtn-link ult-adjust-bottom-margin ubtn-center ubtn-custom \" href=\"https:\/\/www.vilano.com\/de\/vina-vilano-weine\/\" ><button type=\"button\" id=\"ubtn-2861\"  class=\"ubtn ult-adjust-bottom-margin ult-responsive ubtn-custom ubtn-bottom-bg  none  ubtn-center   tooltip-69e88af1416af\"  data-hover=\"\" data-border-color=\"\" data-bg=\"#98835d\" data-hover-bg=\"#948f79\" data-border-hover=\"\" data-shadow-hover=\"\" data-shadow-click=\"none\" data-shadow=\"\" data-shd-shadow=\"\"  data-ultimate-target='#ubtn-2861'  data-responsive-json-new='{\"font-size\":\"\",\"line-height\":\"\"}'  style=\"font-weight:normal;width:px;min-height:px;padding:17px 45px;border:none;background: #98835d;color: #ffffff;\"><span class=\"ubtn-hover\" style=\"background-color:#948f79\"><\/span><span class=\"ubtn-data ubtn-text \" >WEINE ANSEHEN<\/span><\/button><\/a><\/div><div class=\"ult-spacer spacer-69e88af141754\" data-id=\"69e88af141754\" data-height=\"20\" data-height-mobile=\"20\" data-height-tab=\"20\" data-height-tab-portrait=\"\" data-height-mobile-landscape=\"\" style=\"clear:both;display:block;\"><\/div>[\/vc_column_inner][\/vc_row_inner][\/vc_column][vc_column width=&#8220;1\/3&#8243;][vc_row_inner dfd_row_responsive_enable=&#8220;dfd-row-responsive-enable&#8220; css=&#8220;.vc_custom_1636141064610{background-image: url(https:\/\/www.vilano.com\/wp-content\/uploads\/2021\/09\/nacho-dominguez-argenta-QVdFEzkAkmg-unsplash-scaled.jpg?id=20500) !important;background-position: center !important;background-repeat: no-repeat !important;background-size: cover !important;}&#8220;][vc_column_inner][vc_empty_space height=&#8220;400px&#8220;][\/vc_column_inner][\/vc_row_inner][\/vc_column][\/vc_row][vc_row force_equal_height_columns=&#8220;no&#8220; disable_element=&#8220;yes&#8220; css=&#8220;.vc_custom_1632525623308{background-position: center !important;background-repeat: no-repeat !important;background-size: cover !important;}&#8220;][vc_column][vc_column_text]<div class=\"ult-spacer spacer-69e88af14179d\" data-id=\"69e88af14179d\" data-height=\"100\" data-height-mobile=\"70\" data-height-tab=\"90\" data-height-tab-portrait=\"\" data-height-mobile-landscape=\"\" style=\"clear:both;display:block;\"><\/div><div id=\"ultimate-heading69e88af14181c\" class=\"uvc-heading dfd-delim-bottom   heading-config-bottom dfd-disable-resposive-headings\"  data-hspacer=\"line_only\"  data-halign=\"center\" style=\"text-align:center\"><div class=\"uvc-sub-heading\"><h3 class=\"widget-sub-title\">Entusiastas del vino<\/h3><\/div><h5 class=\"widget-title uvc-main-heading\" style=\"font-style:normal;font-weight:600;\">Nuestro Equipo<\/h5><div class=\"uvc-heading-spacer line_only\" style=\"margin-top:25px;height:1px;\"><span class=\"uvc-headings-line\" style=\"border-style:dotted;border-bottom-width:1px;border-color:#ccc;width:550px;\"><\/span><\/div><\/div><div class=\"ult-spacer spacer-69e88af14186b\" data-id=\"69e88af14186b\" data-height=\"45\" data-height-mobile=\"30\" data-height-tab=\"30\" data-height-tab-portrait=\"\" data-height-mobile-landscape=\"\" style=\"clear:both;display:block;\"><\/div>[vc_row_inner][vc_column_inner width=&#8220;1\/2&#8243;]<div id=\"dfdteam-174570928569e88af141ee1\" class=\"dfd-team-box text-center   cr-animate-gen\" data-animate-type = \"transition.slideRightIn\" ><div class=\"dfd-team-front\"><div class=\"image-wrap\"><img decoding=\"async\" src=\"https:\/\/www.vilano.com\/wp-content\/uploads\/2017\/12\/ulian-pascuas-romera-380x515.jpg\" alt=\"team image\"\/><div class=\"hover-mask\" ><\/div><\/div><div class=\"dfd-team-box-heading\"><div class=\"feature-title\" style=\"font-style:normal;font-weight:600;\">Julian Pascuas Romera<\/div><div class=\"subtitle\" style=\"font-style:italic;\">Presidente Bodegas Vilano<\/div><\/div><\/div><div class=\"dfd-team-back\"><\/div><\/div>[\/vc_column_inner][vc_column_inner width=&#8220;1\/2&#8243;]<div id=\"dfdteam-75678871069e88af14a22c\" class=\"dfd-team-box text-center   cr-animate-gen\" data-animate-type = \"transition.fadeIn\" ><div class=\"dfd-team-front\"><div class=\"image-wrap\"><img decoding=\"async\" src=\"https:\/\/www.vilano.com\/wp-content\/uploads\/2017\/12\/Desiderio-Sastre-Gonzalez-Gerente-380x515.jpg\" alt=\"team image\"\/><div class=\"hover-mask\" ><\/div><\/div><div class=\"dfd-team-box-heading\"><div class=\"feature-title\" style=\"font-style:normal;font-weight:600;\">Desiderio Sastre Gonz\u00e1lez<\/div><div class=\"subtitle\" style=\"font-style:italic;\">Director General Bodegas Vilano<\/div><\/div><\/div><div class=\"dfd-team-back\"><\/div><\/div>[\/vc_column_inner]<div class=\"ult-spacer spacer-69e88af14f3a5\" data-id=\"69e88af14f3a5\" data-height=\"60\" data-height-mobile=\"40\" data-height-tab=\"40\" data-height-tab-portrait=\"\" data-height-mobile-landscape=\"\" style=\"clear:both;display:block;\"><\/div>[\/vc_column_text][\/vc_column][\/vc_row][vc_row][vc_column][vc_column_text]<\/p>\n<p>[\/vc_column_text][\/vc_column][\/vc_row]<\/p>\n<\/section><span class=\"et_bloom_bottom_trigger\"><\/span>","protected":false},"excerpt":{"rendered":"<p>[vc_row full_height=&#8220;yes&#8220; force_equal_height_columns=&#8220;main_row&#8220; dfd_row_config=&#8220;full_width_content&#8220; css=&#8220;.vc_custom_1636141269650{margin-bottom: 20px !important;}&#8220; mobile_destroy_equal_heights=&#8220;yes&#8220;][vc_column width=&#8220;3\/4&#8243; css=&#8220;.vc_custom_1632521486712{border-right-width: 20px !important;border-bottom-width: 20px !important;background-color: #f5f3ef !important;border-right-color: #ffffff !important;border-right-style: solid !important;border-bottom-color: #ffffff !important;border-bottom-style: solid !important;}&#8220; el_class=&#8220;dfd-mobile-remove-all-borders&#8220; col_shadow=&#8220;box_shadow_enable:disable|shadow_horizontal:0|shadow_vertical:15|shadow_blur:50|shadow_spread:0|box_shadow_color:rgba(0%2C0%2C0%2C0.35)&#8220; col_shadow_hover=&#8220;box_shadow_enable:disable|shadow_horizontal:0|shadow_vertical:15|shadow_blur:50|shadow_spread:0|box_shadow_color:rgba(0%2C0%2C0%2C0.35)&#8220;][vc_row_inner css=&#8220;.vc_custom_1632521778636{padding-right: 13% !important;padding-left:<\/p>\n","protected":false},"author":5,"featured_media":0,"parent":0,"menu_order":55,"comment_status":"closed","ping_status":"closed","template":"page-custom-with-header.php","meta":{"_acf_changed":false,"_exactmetrics_skip_tracking":false,"_exactmetrics_sitenote_active":false,"_exactmetrics_sitenote_note":"","_exactmetrics_sitenote_category":0,"footnotes":""},"class_list":["post-18659","page","type-page","status-publish","hentry"],"acf":[],"_links":{"self":[{"href":"https:\/\/www.vilano.com\/de\/wp-json\/wp\/v2\/pages\/18659","targetHints":{"allow":["GET"]}}],"collection":[{"href":"https:\/\/www.vilano.com\/de\/wp-json\/wp\/v2\/pages"}],"about":[{"href":"https:\/\/www.vilano.com\/de\/wp-json\/wp\/v2\/types\/page"}],"author":[{"embeddable":true,"href":"https:\/\/www.vilano.com\/de\/wp-json\/wp\/v2\/users\/5"}],"replies":[{"embeddable":true,"href":"https:\/\/www.vilano.com\/de\/wp-json\/wp\/v2\/comments?post=18659"}],"version-history":[{"count":29,"href":"https:\/\/www.vilano.com\/de\/wp-json\/wp\/v2\/pages\/18659\/revisions"}],"predecessor-version":[{"id":22842,"href":"https:\/\/www.vilano.com\/de\/wp-json\/wp\/v2\/pages\/18659\/revisions\/22842"}],"wp:attachment":[{"href":"https:\/\/www.vilano.com\/de\/wp-json\/wp\/v2\/media?parent=18659"}],"curies":[{"name":"wp","href":"https:\/\/api.w.org\/{rel}","templated":true}]}}